{"id":16,"date":"2023-06-15T12:19:49","date_gmt":"2023-06-15T10:19:49","guid":{"rendered":"http:\/\/constru-metal.be\/?page_id=16"},"modified":"2023-10-13T12:22:06","modified_gmt":"2023-10-13T10:22:06","slug":"contact","status":"publish","type":"page","link":"https:\/\/constru-metal.be\/index.php\/contact\/","title":{"rendered":"Contact"},"content":{"rendered":"\t\t<div data-elementor-type=\"wp-page\" data-elementor-id=\"16\" class=\"elementor elementor-16\">\n\t\t\t\t\t\t\t\t\t<section class=\"elementor-section elementor-top-section elementor-element elementor-element-30e0076 elementor-section-height-min-height elementor-section-stretched elementor-section-boxed elementor-section-height-default elementor-section-items-middle\" data-id=\"30e0076\" data-element_type=\"section\" data-settings=\"{&quot;stretch_section&quot;:&quot;section-stretched&quot;,&quot;background_background&quot;:&quot;classic&quot;,&quot;shape_divider_bottom&quot;:&quot;triangle&quot;,&quot;shape_divider_bottom_negative&quot;:&quot;yes&quot;}\">\n\t\t\t\t\t\t\t<div class=\"elementor-background-overlay\"><\/div>\n\t\t\t\t\t\t<div class=\"elementor-shape elementor-shape-bottom\" data-negative=\"true\">\n\t\t\t<svg xmlns=\"http:\/\/www.w3.org\/2000\/svg\" viewBox=\"0 0 1000 100\" preserveAspectRatio=\"none\">\n\t<path class=\"elementor-shape-fill\" d=\"M500.2,94.7L0,0v100h1000V0L500.2,94.7z\"\/>\n<\/svg>\t\t<\/div>\n\t\t\t\t\t<div class=\"elementor-container elementor-column-gap-default\">\n\t\t\t\t\t<div class=\"elementor-column elementor-col-100 elementor-top-column elementor-element elementor-element-2f32bec\" data-id=\"2f32bec\" data-element_type=\"column\">\n\t\t\t<div class=\"elementor-widget-wrap elementor-element-populated\">\n\t\t\t\t\t\t\t\t<div class=\"elementor-element elementor-element-1038512 e-transform elementor-widget-mobile__width-initial elementor-widget elementor-widget-heading\" data-id=\"1038512\" data-element_type=\"widget\" data-settings=\"{&quot;_transform_translateX_effect&quot;:{&quot;unit&quot;:&quot;px&quot;,&quot;size&quot;:&quot;&quot;,&quot;sizes&quot;:[]},&quot;_transform_translateX_effect_tablet&quot;:{&quot;unit&quot;:&quot;px&quot;,&quot;size&quot;:&quot;&quot;,&quot;sizes&quot;:[]},&quot;_transform_translateX_effect_mobile&quot;:{&quot;unit&quot;:&quot;px&quot;,&quot;size&quot;:&quot;&quot;,&quot;sizes&quot;:[]},&quot;_transform_translateY_effect&quot;:{&quot;unit&quot;:&quot;px&quot;,&quot;size&quot;:&quot;&quot;,&quot;sizes&quot;:[]},&quot;_transform_translateY_effect_tablet&quot;:{&quot;unit&quot;:&quot;px&quot;,&quot;size&quot;:&quot;&quot;,&quot;sizes&quot;:[]},&quot;_transform_translateY_effect_mobile&quot;:{&quot;unit&quot;:&quot;px&quot;,&quot;size&quot;:&quot;&quot;,&quot;sizes&quot;:[]}}\" data-widget_type=\"heading.default\">\n\t\t\t\t<div class=\"elementor-widget-container\">\n\t\t\t<style>\/*! elementor - v3.15.0 - 09-08-2023 *\/\n.elementor-heading-title{padding:0;margin:0;line-height:1}.elementor-widget-heading .elementor-heading-title[class*=elementor-size-]>a{color:inherit;font-size:inherit;line-height:inherit}.elementor-widget-heading .elementor-heading-title.elementor-size-small{font-size:15px}.elementor-widget-heading .elementor-heading-title.elementor-size-medium{font-size:19px}.elementor-widget-heading .elementor-heading-title.elementor-size-large{font-size:29px}.elementor-widget-heading .elementor-heading-title.elementor-size-xl{font-size:39px}.elementor-widget-heading .elementor-heading-title.elementor-size-xxl{font-size:59px}<\/style><h2 class=\"elementor-heading-title elementor-size-default\">Nous contacter<\/h2>\t\t<\/div>\n\t\t\t\t<\/div>\n\t\t\t\t<div class=\"elementor-element elementor-element-607736b elementor-widget elementor-widget-text-editor\" data-id=\"607736b\" data-element_type=\"widget\" data-widget_type=\"text-editor.default\">\n\t\t\t\t<div class=\"elementor-widget-container\">\n\t\t\t<style>\/*! elementor - v3.15.0 - 09-08-2023 *\/\n.elementor-widget-text-editor.elementor-drop-cap-view-stacked .elementor-drop-cap{background-color:#69727d;color:#fff}.elementor-widget-text-editor.elementor-drop-cap-view-framed .elementor-drop-cap{color:#69727d;border:3px solid;background-color:transparent}.elementor-widget-text-editor:not(.elementor-drop-cap-view-default) .elementor-drop-cap{margin-top:8px}.elementor-widget-text-editor:not(.elementor-drop-cap-view-default) .elementor-drop-cap-letter{width:1em;height:1em}.elementor-widget-text-editor .elementor-drop-cap{float:left;text-align:center;line-height:1;font-size:50px}.elementor-widget-text-editor .elementor-drop-cap-letter{display:inline-block}<\/style>\t\t\t\t<p>Toujours \u00e0 l&rsquo;\u00e9coute de nos clients,\u00a0 nous sommes disponibles \u00e0 r\u00e9pondre avec plaisir et dans les plus brefs d\u00e9lais \u00e0 toutes vos questions.<\/p><p>Parlez-nous de votre projet !<\/p>\t\t\t\t\t\t<\/div>\n\t\t\t\t<\/div>\n\t\t\t\t\t<\/div>\n\t\t<\/div>\n\t\t\t\t\t\t\t<\/div>\n\t\t<\/section>\n\t\t\t\t<section class=\"elementor-section elementor-top-section elementor-element elementor-element-0b1c288 elementor-section-stretched elementor-section-boxed elementor-section-height-default elementor-section-height-default\" data-id=\"0b1c288\" data-element_type=\"section\" data-settings=\"{&quot;stretch_section&quot;:&quot;section-stretched&quot;,&quot;background_background&quot;:&quot;classic&quot;}\">\n\t\t\t\t\t\t<div class=\"elementor-container elementor-column-gap-default\">\n\t\t\t\t\t<div class=\"elementor-column elementor-col-100 elementor-top-column elementor-element elementor-element-0b39850\" data-id=\"0b39850\" data-element_type=\"column\">\n\t\t\t<div class=\"elementor-widget-wrap elementor-element-populated\">\n\t\t\t\t\t\t\t\t<section class=\"elementor-section elementor-inner-section elementor-element elementor-element-c63dd17 elementor-section-boxed elementor-section-height-default elementor-section-height-default\" data-id=\"c63dd17\" data-element_type=\"section\">\n\t\t\t\t\t\t<div class=\"elementor-container elementor-column-gap-wider\">\n\t\t\t\t\t<div class=\"elementor-column elementor-col-50 elementor-inner-column elementor-element elementor-element-2cb5ff3\" data-id=\"2cb5ff3\" data-element_type=\"column\">\n\t\t\t<div class=\"elementor-widget-wrap elementor-element-populated\">\n\t\t\t\t\t\t\t\t<div class=\"elementor-element elementor-element-c4d9485 elementor-widget elementor-widget-heading\" data-id=\"c4d9485\" data-element_type=\"widget\" data-widget_type=\"heading.default\">\n\t\t\t\t<div class=\"elementor-widget-container\">\n\t\t\t<h2 class=\"elementor-heading-title elementor-size-default\">constru-m\u00e9tal <\/h2>\t\t<\/div>\n\t\t\t\t<\/div>\n\t\t\t\t<div class=\"elementor-element elementor-element-d083b87 elementor-view-default elementor-position-top elementor-mobile-position-top elementor-widget elementor-widget-icon-box\" data-id=\"d083b87\" data-element_type=\"widget\" data-widget_type=\"icon-box.default\">\n\t\t\t\t<div class=\"elementor-widget-container\">\n\t\t\t<link rel=\"stylesheet\" href=\"https:\/\/constru-metal.be\/wp-content\/plugins\/elementor\/assets\/css\/widget-icon-box.min.css\">\t\t<div class=\"elementor-icon-box-wrapper\">\n\t\t\t\t\t\t<div class=\"elementor-icon-box-icon\">\n\t\t\t\t<span class=\"elementor-icon elementor-animation-\" >\n\t\t\t\t<i aria-hidden=\"true\" class=\"fas fa-home\"><\/i>\t\t\t\t<\/span>\n\t\t\t<\/div>\n\t\t\t\t\t\t<div class=\"elementor-icon-box-content\">\n\t\t\t\t<h3 class=\"elementor-icon-box-title\">\n\t\t\t\t\t<span  >\n\t\t\t\t\t\tRue de Namoisy 31, 6870 Saint-Hubert\t\t\t\t\t<\/span>\n\t\t\t\t<\/h3>\n\t\t\t\t\t\t\t<\/div>\n\t\t<\/div>\n\t\t\t\t<\/div>\n\t\t\t\t<\/div>\n\t\t\t\t<div class=\"elementor-element elementor-element-710f5d1 elementor-view-default elementor-position-top elementor-mobile-position-top elementor-widget elementor-widget-icon-box\" data-id=\"710f5d1\" data-element_type=\"widget\" data-widget_type=\"icon-box.default\">\n\t\t\t\t<div class=\"elementor-widget-container\">\n\t\t\t\t\t<div class=\"elementor-icon-box-wrapper\">\n\t\t\t\t\t\t<div class=\"elementor-icon-box-icon\">\n\t\t\t\t<a class=\"elementor-icon elementor-animation-\" href=\"\">\n\t\t\t\t<i aria-hidden=\"true\" class=\"fas fa-phone-alt\"><\/i>\t\t\t\t<\/a>\n\t\t\t<\/div>\n\t\t\t\t\t\t<div class=\"elementor-icon-box-content\">\n\t\t\t\t<h3 class=\"elementor-icon-box-title\">\n\t\t\t\t\t<a href=\"\" >\n\t\t\t\t\t\t+32 495 21 74 93\t\t\t\t\t<\/a>\n\t\t\t\t<\/h3>\n\t\t\t\t\t\t\t<\/div>\n\t\t<\/div>\n\t\t\t\t<\/div>\n\t\t\t\t<\/div>\n\t\t\t\t<div class=\"elementor-element elementor-element-a472b40 elementor-view-default elementor-position-top elementor-mobile-position-top elementor-widget elementor-widget-icon-box\" data-id=\"a472b40\" data-element_type=\"widget\" data-widget_type=\"icon-box.default\">\n\t\t\t\t<div class=\"elementor-widget-container\">\n\t\t\t\t\t<div class=\"elementor-icon-box-wrapper\">\n\t\t\t\t\t\t<div class=\"elementor-icon-box-icon\">\n\t\t\t\t<a class=\"elementor-icon elementor-animation-\" href=\"\">\n\t\t\t\t<i aria-hidden=\"true\" class=\"fas fa-envelope\"><\/i>\t\t\t\t<\/a>\n\t\t\t<\/div>\n\t\t\t\t\t\t<div class=\"elementor-icon-box-content\">\n\t\t\t\t<h3 class=\"elementor-icon-box-title\">\n\t\t\t\t\t<a href=\"\" >\n\t\t\t\t\t\tinfo@constru-metal.be\t\t\t\t\t<\/a>\n\t\t\t\t<\/h3>\n\t\t\t\t\t\t\t<\/div>\n\t\t<\/div>\n\t\t\t\t<\/div>\n\t\t\t\t<\/div>\n\t\t\t\t<div class=\"elementor-element elementor-element-21ecc16 elementor-view-default elementor-position-top elementor-mobile-position-top elementor-widget elementor-widget-icon-box\" data-id=\"21ecc16\" data-element_type=\"widget\" data-widget_type=\"icon-box.default\">\n\t\t\t\t<div class=\"elementor-widget-container\">\n\t\t\t\t\t<div class=\"elementor-icon-box-wrapper\">\n\t\t\t\t\t\t<div class=\"elementor-icon-box-icon\">\n\t\t\t\t<span class=\"elementor-icon elementor-animation-\" >\n\t\t\t\t<i aria-hidden=\"true\" class=\"fas fa-clock\"><\/i>\t\t\t\t<\/span>\n\t\t\t<\/div>\n\t\t\t\t\t\t<div class=\"elementor-icon-box-content\">\n\t\t\t\t<h3 class=\"elementor-icon-box-title\">\n\t\t\t\t\t<span  >\n\t\t\t\t\t\tLundi au vendredi : 8h-12h | 13h-17h\t\t\t\t\t<\/span>\n\t\t\t\t<\/h3>\n\t\t\t\t\t\t\t<\/div>\n\t\t<\/div>\n\t\t\t\t<\/div>\n\t\t\t\t<\/div>\n\t\t\t\t\t<\/div>\n\t\t<\/div>\n\t\t\t\t<div class=\"elementor-column elementor-col-50 elementor-inner-column elementor-element elementor-element-f66f685\" data-id=\"f66f685\" data-element_type=\"column\" data-settings=\"{&quot;background_background&quot;:&quot;classic&quot;}\">\n\t\t\t<div class=\"elementor-widget-wrap elementor-element-populated\">\n\t\t\t\t\t\t\t\t<div class=\"elementor-element elementor-element-92a4f43 elementor-widget elementor-widget-formidable\" data-id=\"92a4f43\" data-element_type=\"widget\" data-widget_type=\"formidable.default\">\n\t\t\t\t<div class=\"elementor-widget-container\">\n\t\t\t<div class=\"frm_forms  with_frm_style frm_style_style-formidable\" id=\"frm_form_2_container\" data-token=\"0bb048d1a4b4dab13bf180c08e2f13e9\">\n<form enctype=\"multipart\/form-data\" method=\"post\" class=\"frm-show-form \" id=\"form_formulairedevis\"  data-token=\"0bb048d1a4b4dab13bf180c08e2f13e9\">\n<div class=\"frm_form_fields \">\n<fieldset>\n<legend class=\"frm_screen_reader\">Formulaire devis<\/legend>\r\n\r\n<div class=\"frm_fields_container\">\n<input type=\"hidden\" name=\"frm_action\" value=\"create\" \/>\n<input type=\"hidden\" name=\"form_id\" value=\"2\" \/>\n<input type=\"hidden\" name=\"frm_hide_fields_2\" id=\"frm_hide_fields_2\" value=\"\" \/>\n<input type=\"hidden\" name=\"form_key\" value=\"formulairedevis\" \/>\n<input type=\"hidden\" name=\"item_meta[0]\" value=\"\" \/>\n<input type=\"hidden\" id=\"frm_submit_entry_2\" name=\"frm_submit_entry_2\" value=\"c8a00af4dd\" \/><input type=\"hidden\" name=\"_wp_http_referer\" value=\"\/index.php\/wp-json\/wp\/v2\/pages\/16\" \/><div id=\"frm_field_6_container\" class=\"frm_form_field form-field  frm_required_field frm_top_container frm6 frm_first\">\r\n    <label for=\"field_q8qqa\" id=\"field_q8qqa_label\" class=\"frm_primary_label\">Nom \r\n        <span class=\"frm_required\" aria-hidden=\"true\">*<\/span>\r\n    <\/label>\r\n    <input type=\"text\" id=\"field_q8qqa\" name=\"item_meta[6]\" value=\"\"  data-reqmsg=\"Ce champ ne peut pas \u00eatre vide\" aria-required=\"true\" data-invmsg=\"texte est non valide\" aria-invalid=\"false\"  \/>\r\n    \r\n    \r\n<\/div>\n<div id=\"frm_field_8_container\" class=\"frm_form_field form-field  frm_required_field frm_top_container frm6\">\r\n    <label for=\"field_3admy\" id=\"field_3admy_label\" class=\"frm_primary_label\">Pr\u00e9nom\r\n        <span class=\"frm_required\" aria-hidden=\"true\">*<\/span>\r\n    <\/label>\r\n    <input type=\"text\" id=\"field_3admy\" name=\"item_meta[8]\" value=\"\"  data-reqmsg=\"Ce champ ne peut pas \u00eatre vide\" aria-required=\"true\" data-invmsg=\"texte est non valide\" aria-invalid=\"false\"  \/>\r\n    \r\n    \r\n<\/div>\n<div id=\"frm_field_12_container\" class=\"frm_form_field form-field  frm_top_container frm6 frm_first\">\r\n    <label for=\"field_v70mi\" id=\"field_v70mi_label\" class=\"frm_primary_label\">T\u00e9l\u00e9phone\r\n        <span class=\"frm_required\" aria-hidden=\"true\"><\/span>\r\n    <\/label>\r\n    <input type=\"tel\" id=\"field_v70mi\" name=\"item_meta[12]\" value=\"\"  data-invmsg=\"T\u00e9l\u00e9phone est non valide\" aria-invalid=\"false\" pattern=\"((\\+\\d{1,3}(-|.| )?\\(?\\d\\)?(-| |.)?\\d{1,5})|(\\(?\\d{2,6}\\)?))(-|.| )?(\\d{3,4})(-|.| )?(\\d{4})(( x| ext)\\d{1,5}){0,1}$\"  \/>\r\n    \r\n    \r\n<\/div>\n<div id=\"frm_field_10_container\" class=\"frm_form_field form-field  frm_required_field frm_top_container frm6\">\r\n    <label for=\"field_bhik3\" id=\"field_bhik3_label\" class=\"frm_primary_label\">Email\r\n        <span class=\"frm_required\" aria-hidden=\"true\">*<\/span>\r\n    <\/label>\r\n    <input type=\"email\" id=\"field_bhik3\" name=\"item_meta[10]\" value=\"\"  data-reqmsg=\"Ce champ ne peut pas \u00eatre vide\" aria-required=\"true\" data-invmsg=\"Email est non valide\" aria-invalid=\"false\"  \/>\r\n    \r\n    \r\n<\/div>\n<div id=\"frm_field_13_container\" class=\"frm_form_field form-field  frm_top_container\">\r\n    <label for=\"field_xt8dx\" id=\"field_xt8dx_label\" class=\"frm_primary_label\">Votre message\r\n        <span class=\"frm_required\" aria-hidden=\"true\"><\/span>\r\n    <\/label>\r\n    <textarea name=\"item_meta[13]\" id=\"field_xt8dx\" rows=\"5\"  data-invmsg=\"Votre message est non valide\" aria-invalid=\"false\"  ><\/textarea>\r\n    \r\n    \r\n<\/div>\n\t<input type=\"hidden\" name=\"item_key\" value=\"\" \/>\n\t\t\t\t<div class=\"frm_verify\" aria-hidden=\"true\">\n\t\t\t\t<label for=\"frm_email_2\">\n\t\t\t\t\tSi vous \u00eates un humain, ne remplissez pas ce champ.\t\t\t\t<\/label>\n\t\t\t\t<input type=\"text\" class=\"frm_verify\" id=\"frm_email_2\" name=\"frm_verify\" value=\"\"  \/>\n\t\t\t<\/div>\n\t\t<div class=\"frm_submit\">\r\n\r\n<button class=\"frm_button_submit\" type=\"submit\"  >Envoyer<\/button>\r\n\r\n\r\n<\/div><\/div>\n<\/fieldset>\n<\/div>\n<p style=\"display: none !important;\" class=\"akismet-fields-container\" data-prefix=\"ak_\"><label>&#916;<textarea name=\"ak_hp_textarea\" cols=\"45\" rows=\"8\" maxlength=\"100\"><\/textarea><\/label><input type=\"hidden\" id=\"ak_js_1\" name=\"ak_js\" value=\"161\"\/><script>document.getElementById( \"ak_js_1\" ).setAttribute( \"value\", ( new Date() ).getTime() );<\/script><\/p><\/form>\n<\/div>\n\t\t<\/div>\n\t\t\t\t<\/div>\n\t\t\t\t\t<\/div>\n\t\t<\/div>\n\t\t\t\t\t\t\t<\/div>\n\t\t<\/section>\n\t\t\t\t\t<\/div>\n\t\t<\/div>\n\t\t\t\t\t\t\t<\/div>\n\t\t<\/section>\n\t\t\t\t\t\t\t<\/div>\n\t\t","protected":false},"excerpt":{"rendered":"<p>Nous contacter Toujours \u00e0 l&rsquo;\u00e9coute de nos clients,\u00a0 nous sommes disponibles \u00e0 r\u00e9pondre avec plaisir et dans les plus brefs d\u00e9lais \u00e0 toutes vos questions. Parlez-nous de votre projet ! constru-m\u00e9tal Rue de Namoisy 31, 6870 Saint-Hubert +32 495 21 74 93 info@constru-metal.be Lundi au vendredi : 8h-12h | 13h-17h Formulaire devis Nom * Pr\u00e9nom [&hellip;]<\/p>\n","protected":false},"author":1,"featured_media":0,"parent":0,"menu_order":0,"comment_status":"closed","ping_status":"closed","template":"","meta":{"footnotes":""},"class_list":["post-16","page","type-page","status-publish","hentry","entry"],"yoast_head":"<!-- This site is optimized with the Yoast SEO plugin v22.5 - https:\/\/yoast.com\/wordpress\/plugins\/seo\/ -->\n<title>Contact - Constru-m\u00e9tal<\/title>\n<meta name=\"robots\" content=\"index, follow, max-snippet:-1, max-image-preview:large, max-video-preview:-1\" \/>\n<link rel=\"canonical\" href=\"https:\/\/constru-metal.be\/index.php\/contact\/\" \/>\n<meta property=\"og:locale\" content=\"fr_FR\" \/>\n<meta property=\"og:type\" content=\"article\" \/>\n<meta property=\"og:title\" content=\"Contact - Constru-m\u00e9tal\" \/>\n<meta property=\"og:description\" content=\"Nous contacter Toujours \u00e0 l&rsquo;\u00e9coute de nos clients,\u00a0 nous sommes disponibles \u00e0 r\u00e9pondre avec plaisir et dans les plus brefs d\u00e9lais \u00e0 toutes vos questions. Parlez-nous de votre projet ! constru-m\u00e9tal Rue de Namoisy 31, 6870 Saint-Hubert +32 495 21 74 93 info@constru-metal.be Lundi au vendredi : 8h-12h | 13h-17h Formulaire devis Nom * Pr\u00e9nom [&hellip;]\" \/>\n<meta property=\"og:url\" content=\"https:\/\/constru-metal.be\/index.php\/contact\/\" \/>\n<meta property=\"og:site_name\" content=\"Constru-m\u00e9tal\" \/>\n<meta property=\"article:modified_time\" content=\"2023-10-13T10:22:06+00:00\" \/>\n<meta name=\"twitter:card\" content=\"summary_large_image\" \/>\n<meta name=\"twitter:label1\" content=\"Dur\u00e9e de lecture estim\u00e9e\" \/>\n\t<meta name=\"twitter:data1\" content=\"1 minute\" \/>\n<script type=\"application\/ld+json\" class=\"yoast-schema-graph\">{\"@context\":\"https:\/\/schema.org\",\"@graph\":[{\"@type\":\"WebPage\",\"@id\":\"https:\/\/constru-metal.be\/index.php\/contact\/\",\"url\":\"https:\/\/constru-metal.be\/index.php\/contact\/\",\"name\":\"Contact - Constru-m\u00e9tal\",\"isPartOf\":{\"@id\":\"https:\/\/constru-metal.be\/#website\"},\"datePublished\":\"2023-06-15T10:19:49+00:00\",\"dateModified\":\"2023-10-13T10:22:06+00:00\",\"breadcrumb\":{\"@id\":\"https:\/\/constru-metal.be\/index.php\/contact\/#breadcrumb\"},\"inLanguage\":\"fr-FR\",\"potentialAction\":[{\"@type\":\"ReadAction\",\"target\":[\"https:\/\/constru-metal.be\/index.php\/contact\/\"]}]},{\"@type\":\"BreadcrumbList\",\"@id\":\"https:\/\/constru-metal.be\/index.php\/contact\/#breadcrumb\",\"itemListElement\":[{\"@type\":\"ListItem\",\"position\":1,\"name\":\"Accueil\",\"item\":\"https:\/\/constru-metal.be\/\"},{\"@type\":\"ListItem\",\"position\":2,\"name\":\"Contact\"}]},{\"@type\":\"WebSite\",\"@id\":\"https:\/\/constru-metal.be\/#website\",\"url\":\"https:\/\/constru-metal.be\/\",\"name\":\"Constru-m\u00e9tal\",\"description\":\"Fabrication et installation de garde-corps en inox\",\"publisher\":{\"@id\":\"https:\/\/constru-metal.be\/#organization\"},\"potentialAction\":[{\"@type\":\"SearchAction\",\"target\":{\"@type\":\"EntryPoint\",\"urlTemplate\":\"https:\/\/constru-metal.be\/?s={search_term_string}\"},\"query-input\":\"required name=search_term_string\"}],\"inLanguage\":\"fr-FR\"},{\"@type\":\"Organization\",\"@id\":\"https:\/\/constru-metal.be\/#organization\",\"name\":\"Constru-m\u00e9tal\",\"url\":\"https:\/\/constru-metal.be\/\",\"logo\":{\"@type\":\"ImageObject\",\"inLanguage\":\"fr-FR\",\"@id\":\"https:\/\/constru-metal.be\/#\/schema\/logo\/image\/\",\"url\":\"https:\/\/constru-metal.be\/wp-content\/uploads\/2023\/06\/cropped-logo_transparent-1.png\",\"contentUrl\":\"https:\/\/constru-metal.be\/wp-content\/uploads\/2023\/06\/cropped-logo_transparent-1.png\",\"width\":1198,\"height\":1198,\"caption\":\"Constru-m\u00e9tal\"},\"image\":{\"@id\":\"https:\/\/constru-metal.be\/#\/schema\/logo\/image\/\"}}]}<\/script>\n<!-- \/ Yoast SEO plugin. -->","yoast_head_json":{"title":"Contact - Constru-m\u00e9tal","robots":{"index":"index","follow":"follow","max-snippet":"max-snippet:-1","max-image-preview":"max-image-preview:large","max-video-preview":"max-video-preview:-1"},"canonical":"https:\/\/constru-metal.be\/index.php\/contact\/","og_locale":"fr_FR","og_type":"article","og_title":"Contact - Constru-m\u00e9tal","og_description":"Nous contacter Toujours \u00e0 l&rsquo;\u00e9coute de nos clients,\u00a0 nous sommes disponibles \u00e0 r\u00e9pondre avec plaisir et dans les plus brefs d\u00e9lais \u00e0 toutes vos questions. Parlez-nous de votre projet ! constru-m\u00e9tal Rue de Namoisy 31, 6870 Saint-Hubert +32 495 21 74 93 info@constru-metal.be Lundi au vendredi : 8h-12h | 13h-17h Formulaire devis Nom * Pr\u00e9nom [&hellip;]","og_url":"https:\/\/constru-metal.be\/index.php\/contact\/","og_site_name":"Constru-m\u00e9tal","article_modified_time":"2023-10-13T10:22:06+00:00","twitter_card":"summary_large_image","twitter_misc":{"Dur\u00e9e de lecture estim\u00e9e":"1 minute"},"schema":{"@context":"https:\/\/schema.org","@graph":[{"@type":"WebPage","@id":"https:\/\/constru-metal.be\/index.php\/contact\/","url":"https:\/\/constru-metal.be\/index.php\/contact\/","name":"Contact - Constru-m\u00e9tal","isPartOf":{"@id":"https:\/\/constru-metal.be\/#website"},"datePublished":"2023-06-15T10:19:49+00:00","dateModified":"2023-10-13T10:22:06+00:00","breadcrumb":{"@id":"https:\/\/constru-metal.be\/index.php\/contact\/#breadcrumb"},"inLanguage":"fr-FR","potentialAction":[{"@type":"ReadAction","target":["https:\/\/constru-metal.be\/index.php\/contact\/"]}]},{"@type":"BreadcrumbList","@id":"https:\/\/constru-metal.be\/index.php\/contact\/#breadcrumb","itemListElement":[{"@type":"ListItem","position":1,"name":"Accueil","item":"https:\/\/constru-metal.be\/"},{"@type":"ListItem","position":2,"name":"Contact"}]},{"@type":"WebSite","@id":"https:\/\/constru-metal.be\/#website","url":"https:\/\/constru-metal.be\/","name":"Constru-m\u00e9tal","description":"Fabrication et installation de garde-corps en inox","publisher":{"@id":"https:\/\/constru-metal.be\/#organization"},"potentialAction":[{"@type":"SearchAction","target":{"@type":"EntryPoint","urlTemplate":"https:\/\/constru-metal.be\/?s={search_term_string}"},"query-input":"required name=search_term_string"}],"inLanguage":"fr-FR"},{"@type":"Organization","@id":"https:\/\/constru-metal.be\/#organization","name":"Constru-m\u00e9tal","url":"https:\/\/constru-metal.be\/","logo":{"@type":"ImageObject","inLanguage":"fr-FR","@id":"https:\/\/constru-metal.be\/#\/schema\/logo\/image\/","url":"https:\/\/constru-metal.be\/wp-content\/uploads\/2023\/06\/cropped-logo_transparent-1.png","contentUrl":"https:\/\/constru-metal.be\/wp-content\/uploads\/2023\/06\/cropped-logo_transparent-1.png","width":1198,"height":1198,"caption":"Constru-m\u00e9tal"},"image":{"@id":"https:\/\/constru-metal.be\/#\/schema\/logo\/image\/"}}]}},"_links":{"self":[{"href":"https:\/\/constru-metal.be\/index.php\/wp-json\/wp\/v2\/pages\/16","targetHints":{"allow":["GET"]}}],"collection":[{"href":"https:\/\/constru-metal.be\/index.php\/wp-json\/wp\/v2\/pages"}],"about":[{"href":"https:\/\/constru-metal.be\/index.php\/wp-json\/wp\/v2\/types\/page"}],"author":[{"embeddable":true,"href":"https:\/\/constru-metal.be\/index.php\/wp-json\/wp\/v2\/users\/1"}],"replies":[{"embeddable":true,"href":"https:\/\/constru-metal.be\/index.php\/wp-json\/wp\/v2\/comments?post=16"}],"version-history":[{"count":53,"href":"https:\/\/constru-metal.be\/index.php\/wp-json\/wp\/v2\/pages\/16\/revisions"}],"predecessor-version":[{"id":510,"href":"https:\/\/constru-metal.be\/index.php\/wp-json\/wp\/v2\/pages\/16\/revisions\/510"}],"wp:attachment":[{"href":"https:\/\/constru-metal.be\/index.php\/wp-json\/wp\/v2\/media?parent=16"}],"curies":[{"name":"wp","href":"https:\/\/api.w.org\/{rel}","templated":true}]}}