{"id":14,"date":"2023-06-15T12:18:44","date_gmt":"2023-06-15T10:18:44","guid":{"rendered":"http:\/\/constru-metal.be\/?page_id=14"},"modified":"2023-07-20T16:54:01","modified_gmt":"2023-07-20T14:54:01","slug":"a-propos","status":"publish","type":"page","link":"https:\/\/constru-metal.be\/index.php\/a-propos\/","title":{"rendered":"A propos"},"content":{"rendered":"\t\t<div data-elementor-type=\"wp-page\" data-elementor-id=\"14\" class=\"elementor elementor-14\">\n\t\t\t\t\t\t\t\t\t<section class=\"elementor-section elementor-top-section elementor-element elementor-element-7a68e1e elementor-section-height-min-height elementor-section-stretched elementor-section-boxed elementor-section-height-default elementor-section-items-middle\" data-id=\"7a68e1e\" data-element_type=\"section\" data-settings=\"{&quot;stretch_section&quot;:&quot;section-stretched&quot;,&quot;background_background&quot;:&quot;classic&quot;,&quot;shape_divider_bottom&quot;:&quot;triangle&quot;,&quot;shape_divider_bottom_negative&quot;:&quot;yes&quot;}\">\n\t\t\t\t\t\t\t<div class=\"elementor-background-overlay\"><\/div>\n\t\t\t\t\t\t<div class=\"elementor-shape elementor-shape-bottom\" data-negative=\"true\">\n\t\t\t<svg xmlns=\"http:\/\/www.w3.org\/2000\/svg\" viewBox=\"0 0 1000 100\" preserveAspectRatio=\"none\">\n\t<path class=\"elementor-shape-fill\" d=\"M500.2,94.7L0,0v100h1000V0L500.2,94.7z\"\/>\n<\/svg>\t\t<\/div>\n\t\t\t\t\t<div class=\"elementor-container elementor-column-gap-default\">\n\t\t\t\t\t<div class=\"elementor-column elementor-col-100 elementor-top-column elementor-element elementor-element-6e48274\" data-id=\"6e48274\" data-element_type=\"column\">\n\t\t\t<div class=\"elementor-widget-wrap elementor-element-populated\">\n\t\t\t\t\t\t\t\t<div class=\"elementor-element elementor-element-e32431e e-transform elementor-widget-mobile__width-initial elementor-widget elementor-widget-heading\" data-id=\"e32431e\" data-element_type=\"widget\" data-settings=\"{&quot;_transform_translateX_effect&quot;:{&quot;unit&quot;:&quot;px&quot;,&quot;size&quot;:&quot;&quot;,&quot;sizes&quot;:[]},&quot;_transform_translateX_effect_tablet&quot;:{&quot;unit&quot;:&quot;px&quot;,&quot;size&quot;:&quot;&quot;,&quot;sizes&quot;:[]},&quot;_transform_translateX_effect_mobile&quot;:{&quot;unit&quot;:&quot;px&quot;,&quot;size&quot;:&quot;&quot;,&quot;sizes&quot;:[]},&quot;_transform_translateY_effect&quot;:{&quot;unit&quot;:&quot;px&quot;,&quot;size&quot;:&quot;&quot;,&quot;sizes&quot;:[]},&quot;_transform_translateY_effect_tablet&quot;:{&quot;unit&quot;:&quot;px&quot;,&quot;size&quot;:&quot;&quot;,&quot;sizes&quot;:[]},&quot;_transform_translateY_effect_mobile&quot;:{&quot;unit&quot;:&quot;px&quot;,&quot;size&quot;:&quot;&quot;,&quot;sizes&quot;:[]}}\" data-widget_type=\"heading.default\">\n\t\t\t\t<div class=\"elementor-widget-container\">\n\t\t\t<style>\/*! elementor - v3.15.0 - 09-08-2023 *\/\n.elementor-heading-title{padding:0;margin:0;line-height:1}.elementor-widget-heading .elementor-heading-title[class*=elementor-size-]>a{color:inherit;font-size:inherit;line-height:inherit}.elementor-widget-heading .elementor-heading-title.elementor-size-small{font-size:15px}.elementor-widget-heading .elementor-heading-title.elementor-size-medium{font-size:19px}.elementor-widget-heading .elementor-heading-title.elementor-size-large{font-size:29px}.elementor-widget-heading .elementor-heading-title.elementor-size-xl{font-size:39px}.elementor-widget-heading .elementor-heading-title.elementor-size-xxl{font-size:59px}<\/style><h2 class=\"elementor-heading-title elementor-size-default\">Qui sommes nous?<\/h2>\t\t<\/div>\n\t\t\t\t<\/div>\n\t\t\t\t<div class=\"elementor-element elementor-element-0c34b10 elementor-widget-mobile__width-initial elementor-widget elementor-widget-text-editor\" data-id=\"0c34b10\" data-element_type=\"widget\" data-widget_type=\"text-editor.default\">\n\t\t\t\t<div class=\"elementor-widget-container\">\n\t\t\t<style>\/*! elementor - v3.15.0 - 09-08-2023 *\/\n.elementor-widget-text-editor.elementor-drop-cap-view-stacked .elementor-drop-cap{background-color:#69727d;color:#fff}.elementor-widget-text-editor.elementor-drop-cap-view-framed .elementor-drop-cap{color:#69727d;border:3px solid;background-color:transparent}.elementor-widget-text-editor:not(.elementor-drop-cap-view-default) .elementor-drop-cap{margin-top:8px}.elementor-widget-text-editor:not(.elementor-drop-cap-view-default) .elementor-drop-cap-letter{width:1em;height:1em}.elementor-widget-text-editor .elementor-drop-cap{float:left;text-align:center;line-height:1;font-size:50px}.elementor-widget-text-editor .elementor-drop-cap-letter{display:inline-block}<\/style>\t\t\t\t<p>Entreprise familiale sp\u00e9cialis\u00e9e dans la ferronnerie du b\u00e2timent depuis plus de 20 ans, nous serons \u00e0 vos cot\u00e9s tout au long de votre projet<\/p>\t\t\t\t\t\t<\/div>\n\t\t\t\t<\/div>\n\t\t\t\t\t<\/div>\n\t\t<\/div>\n\t\t\t\t\t\t\t<\/div>\n\t\t<\/section>\n\t\t\t\t<section class=\"elementor-section elementor-top-section elementor-element elementor-element-6efc4d2 elementor-section-boxed elementor-section-height-default elementor-section-height-default\" data-id=\"6efc4d2\" data-element_type=\"section\">\n\t\t\t\t\t\t<div class=\"elementor-container elementor-column-gap-default\">\n\t\t\t\t\t<div class=\"elementor-column elementor-col-100 elementor-top-column elementor-element elementor-element-f3518b5\" data-id=\"f3518b5\" data-element_type=\"column\">\n\t\t\t<div class=\"elementor-widget-wrap elementor-element-populated\">\n\t\t\t\t\t\t\t\t<div class=\"elementor-element elementor-element-6ee446a elementor-widget elementor-widget-heading\" data-id=\"6ee446a\" data-element_type=\"widget\" data-widget_type=\"heading.default\">\n\t\t\t\t<div class=\"elementor-widget-container\">\n\t\t\t<h2 class=\"elementor-heading-title elementor-size-default\">Votre Expert en Ferronnerie depuis 20 Ans<\/h2>\t\t<\/div>\n\t\t\t\t<\/div>\n\t\t\t\t<div class=\"elementor-element elementor-element-14e2578 elementor-widget__width-initial elementor-widget-mobile__width-initial elementor-widget elementor-widget-text-editor\" data-id=\"14e2578\" data-element_type=\"widget\" data-widget_type=\"text-editor.default\">\n\t\t\t\t<div class=\"elementor-widget-container\">\n\t\t\t\t\t\t\t<p>Constru-m\u00e9tal est une entreprise familiale belge sp\u00e9cialis\u00e9e dans la ferronnerie du b\u00e2timent, plus particuli\u00e8rement dans la fabrication de garde-corps en inox, depuis plus de 20 ans.<\/p><p>Nous concevons les garde-corps esth\u00e9tiques et \u00e9l\u00e9gants pour orner votre escalier, balcon, terrasse ou mezzanine tout en lui apportant une s\u00e9curit\u00e9 optimale. Une attention particuli\u00e8re est apport\u00e9e \u00e0 chacune de nos r\u00e9alisations.<\/p><p>Tous nos garde-corps sont fabriqu\u00e9s dans notre atelier avec les mat\u00e9riaux de qualit\u00e9, ce qui nous permet de vous offrir le service sur mesure \u00e0 des prix comp\u00e9titifs et abordables ainsi que le meilleur rapport qualit\u00e9-prix. Ainsi, les devis et le d\u00e9placement pour prise des mesures sont gratuits.\u00a0<\/p><p><strong>Et si nous r\u00e9alisions votre projet ensemble? <\/strong><\/p><p>Faites-nous part de vos id\u00e9es, vos souhaits et vos attentes afin que nous puissions leur donnerons forme.\u00a0<\/p>\t\t\t\t\t\t<\/div>\n\t\t\t\t<\/div>\n\t\t\t\t<div class=\"elementor-element elementor-element-7b0a8bd elementor-widget__width-initial elementor-hidden-mobile elementor-widget elementor-widget-image\" data-id=\"7b0a8bd\" data-element_type=\"widget\" data-widget_type=\"image.default\">\n\t\t\t\t<div class=\"elementor-widget-container\">\n\t\t\t<style>\/*! elementor - v3.15.0 - 09-08-2023 *\/\n.elementor-widget-image{text-align:center}.elementor-widget-image a{display:inline-block}.elementor-widget-image a img[src$=\".svg\"]{width:48px}.elementor-widget-image img{vertical-align:middle;display:inline-block}<\/style>\t\t\t\t\t\t\t\t\t\t\t\t<img loading=\"lazy\" decoding=\"async\" width=\"1024\" height=\"768\" src=\"https:\/\/constru-metal.be\/wp-content\/uploads\/2023\/07\/IMG_3929-1024x768.jpg\" class=\"attachment-large size-large wp-image-268\" alt=\"garde-corps terrasse ext\u00e9rieure inox Belgique\" srcset=\"https:\/\/constru-metal.be\/wp-content\/uploads\/2023\/07\/IMG_3929-1024x768.jpg 1024w, https:\/\/constru-metal.be\/wp-content\/uploads\/2023\/07\/IMG_3929-300x225.jpg 300w, https:\/\/constru-metal.be\/wp-content\/uploads\/2023\/07\/IMG_3929-768x576.jpg 768w, https:\/\/constru-metal.be\/wp-content\/uploads\/2023\/07\/IMG_3929-1536x1152.jpg 1536w, https:\/\/constru-metal.be\/wp-content\/uploads\/2023\/07\/IMG_3929-2048x1536.jpg 2048w\" sizes=\"auto, (max-width: 1024px) 100vw, 1024px\" \/>\t\t\t\t\t\t\t\t\t\t\t\t\t\t\t<\/div>\n\t\t\t\t<\/div>\n\t\t\t\t<div class=\"elementor-element elementor-element-e0457e3 elementor-align-center elementor-widget elementor-widget-button\" data-id=\"e0457e3\" data-element_type=\"widget\" data-widget_type=\"button.default\">\n\t\t\t\t<div class=\"elementor-widget-container\">\n\t\t\t\t\t<div class=\"elementor-button-wrapper\">\n\t\t\t<a class=\"elementor-button elementor-button-link elementor-size-sm elementor-animation-grow\" href=\"https:\/\/constru-metal.be\/index.php\/contact\/\">\n\t\t\t\t\t\t<span class=\"elementor-button-content-wrapper\">\n\t\t\t\t\t\t<span class=\"elementor-button-text\">Discutons de votre projet<\/span>\n\t\t<\/span>\n\t\t\t\t\t<\/a>\n\t\t<\/div>\n\t\t\t\t<\/div>\n\t\t\t\t<\/div>\n\t\t\t\t\t<\/div>\n\t\t<\/div>\n\t\t\t\t\t\t\t<\/div>\n\t\t<\/section>\n\t\t\t\t<section class=\"elementor-section elementor-top-section elementor-element elementor-element-28b8103 elementor-section-height-min-height elementor-section-stretched elementor-section-boxed elementor-section-height-default elementor-section-items-middle\" data-id=\"28b8103\" data-element_type=\"section\" data-settings=\"{&quot;stretch_section&quot;:&quot;section-stretched&quot;,&quot;background_background&quot;:&quot;classic&quot;}\">\n\t\t\t\t\t\t\t<div class=\"elementor-background-overlay\"><\/div>\n\t\t\t\t\t\t\t<div class=\"elementor-container elementor-column-gap-default\">\n\t\t\t\t\t<div class=\"elementor-column elementor-col-100 elementor-top-column elementor-element elementor-element-7b22797\" data-id=\"7b22797\" data-element_type=\"column\">\n\t\t\t<div class=\"elementor-widget-wrap elementor-element-populated\">\n\t\t\t\t\t\t\t\t<div class=\"elementor-element elementor-element-8174bba elementor-widget elementor-widget-heading\" data-id=\"8174bba\" data-element_type=\"widget\" data-widget_type=\"heading.default\">\n\t\t\t\t<div class=\"elementor-widget-container\">\n\t\t\t<h2 class=\"elementor-heading-title elementor-size-default\">Pourquoi nous choisir<\/h2>\t\t<\/div>\n\t\t\t\t<\/div>\n\t\t\t\t<div class=\"elementor-element elementor-element-681c472 elementor-widget__width-initial elementor-position-top elementor-widget elementor-widget-image-box\" data-id=\"681c472\" data-element_type=\"widget\" data-widget_type=\"image-box.default\">\n\t\t\t\t<div class=\"elementor-widget-container\">\n\t\t\t<style>\/*! elementor - v3.15.0 - 09-08-2023 *\/\n.elementor-widget-image-box .elementor-image-box-content{width:100%}@media (min-width:768px){.elementor-widget-image-box.elementor-position-left .elementor-image-box-wrapper,.elementor-widget-image-box.elementor-position-right .elementor-image-box-wrapper{display:flex}.elementor-widget-image-box.elementor-position-right .elementor-image-box-wrapper{text-align:right;flex-direction:row-reverse}.elementor-widget-image-box.elementor-position-left .elementor-image-box-wrapper{text-align:left;flex-direction:row}.elementor-widget-image-box.elementor-position-top .elementor-image-box-img{margin:auto}.elementor-widget-image-box.elementor-vertical-align-top .elementor-image-box-wrapper{align-items:flex-start}.elementor-widget-image-box.elementor-vertical-align-middle .elementor-image-box-wrapper{align-items:center}.elementor-widget-image-box.elementor-vertical-align-bottom .elementor-image-box-wrapper{align-items:flex-end}}@media (max-width:767px){.elementor-widget-image-box .elementor-image-box-img{margin-left:auto!important;margin-right:auto!important;margin-bottom:15px}}.elementor-widget-image-box .elementor-image-box-img{display:inline-block}.elementor-widget-image-box .elementor-image-box-title a{color:inherit}.elementor-widget-image-box .elementor-image-box-wrapper{text-align:center}.elementor-widget-image-box .elementor-image-box-description{margin:0}<\/style><div class=\"elementor-image-box-wrapper\"><figure class=\"elementor-image-box-img\"><img loading=\"lazy\" decoding=\"async\" width=\"512\" height=\"512\" src=\"https:\/\/constru-metal.be\/wp-content\/uploads\/2023\/06\/escaliers-e1687263736756.png\" class=\"attachment-full size-full wp-image-88\" alt=\"travail artisanal\" srcset=\"https:\/\/constru-metal.be\/wp-content\/uploads\/2023\/06\/escaliers-e1687263736756.png 512w, https:\/\/constru-metal.be\/wp-content\/uploads\/2023\/06\/escaliers-e1687263736756-300x300.png 300w, https:\/\/constru-metal.be\/wp-content\/uploads\/2023\/06\/escaliers-e1687263736756-150x150.png 150w\" sizes=\"auto, (max-width: 512px) 100vw, 512px\" \/><\/figure><div class=\"elementor-image-box-content\"><h3 class=\"elementor-image-box-title\">ARTISANAL<\/h3><p class=\"elementor-image-box-description\">Nous fabriquons les garde-corps dans notre atelier, en mettant en \u0153uvre notre savoir-faire et attention aux d\u00e9tails afin de fournir des produits de qualit\u00e9<\/p><\/div><\/div>\t\t<\/div>\n\t\t\t\t<\/div>\n\t\t\t\t<div class=\"elementor-element elementor-element-8da888c elementor-widget__width-initial elementor-position-top elementor-widget elementor-widget-image-box\" data-id=\"8da888c\" data-element_type=\"widget\" data-widget_type=\"image-box.default\">\n\t\t\t\t<div class=\"elementor-widget-container\">\n\t\t\t<div class=\"elementor-image-box-wrapper\"><figure class=\"elementor-image-box-img\"><img loading=\"lazy\" decoding=\"async\" width=\"512\" height=\"512\" src=\"https:\/\/constru-metal.be\/wp-content\/uploads\/2023\/06\/valeur-e1687263660194.png\" class=\"attachment-full size-full wp-image-92\" alt=\"service sur mesure\" srcset=\"https:\/\/constru-metal.be\/wp-content\/uploads\/2023\/06\/valeur-e1687263660194.png 512w, https:\/\/constru-metal.be\/wp-content\/uploads\/2023\/06\/valeur-e1687263660194-300x300.png 300w, https:\/\/constru-metal.be\/wp-content\/uploads\/2023\/06\/valeur-e1687263660194-150x150.png 150w\" sizes=\"auto, (max-width: 512px) 100vw, 512px\" \/><\/figure><div class=\"elementor-image-box-content\"><h3 class=\"elementor-image-box-title\">SUR-MESURE<\/h3><p class=\"elementor-image-box-description\">Nous offrons une solution personnalis\u00e9e, esth\u00e9tiquement attrayante et conforme aux besoins sp\u00e9cifiques de chaque projet ainsi que les besoins individuels de nos clients<\/p><\/div><\/div>\t\t<\/div>\n\t\t\t\t<\/div>\n\t\t\t\t<div class=\"elementor-element elementor-element-6abf511 elementor-widget__width-initial elementor-position-top elementor-widget elementor-widget-image-box\" data-id=\"6abf511\" data-element_type=\"widget\" data-widget_type=\"image-box.default\">\n\t\t\t\t<div class=\"elementor-widget-container\">\n\t\t\t<div class=\"elementor-image-box-wrapper\"><figure class=\"elementor-image-box-img\"><img loading=\"lazy\" decoding=\"async\" width=\"512\" height=\"512\" src=\"https:\/\/constru-metal.be\/wp-content\/uploads\/2023\/06\/meilleur-prix-e1687263620542.png\" class=\"attachment-full size-full wp-image-91\" alt=\"\" srcset=\"https:\/\/constru-metal.be\/wp-content\/uploads\/2023\/06\/meilleur-prix-e1687263620542.png 512w, https:\/\/constru-metal.be\/wp-content\/uploads\/2023\/06\/meilleur-prix-e1687263620542-300x300.png 300w, https:\/\/constru-metal.be\/wp-content\/uploads\/2023\/06\/meilleur-prix-e1687263620542-150x150.png 150w\" sizes=\"auto, (max-width: 512px) 100vw, 512px\" \/><\/figure><div class=\"elementor-image-box-content\"><h3 class=\"elementor-image-box-title\">Rapport qualit\u00e9-prix<\/h3><p class=\"elementor-image-box-description\">Nous combinons la qualit\u00e9 des mat\u00e9riaux avec la conception esth\u00e9tique conforme aux normes de s\u00e9curit\u00e9, garantie raisonnable et un bon service client<\/p><\/div><\/div>\t\t<\/div>\n\t\t\t\t<\/div>\n\t\t\t\t<div class=\"elementor-element elementor-element-7e7b7d3 elementor-widget__width-initial elementor-position-top elementor-widget elementor-widget-image-box\" data-id=\"7e7b7d3\" data-element_type=\"widget\" data-widget_type=\"image-box.default\">\n\t\t\t\t<div class=\"elementor-widget-container\">\n\t\t\t<div class=\"elementor-image-box-wrapper\"><figure class=\"elementor-image-box-img\"><img loading=\"lazy\" decoding=\"async\" width=\"512\" height=\"512\" src=\"https:\/\/constru-metal.be\/wp-content\/uploads\/2023\/06\/transparence.png\" class=\"attachment-full size-full wp-image-90\" alt=\"transparence avec client\" srcset=\"https:\/\/constru-metal.be\/wp-content\/uploads\/2023\/06\/transparence.png 512w, https:\/\/constru-metal.be\/wp-content\/uploads\/2023\/06\/transparence-300x300.png 300w, https:\/\/constru-metal.be\/wp-content\/uploads\/2023\/06\/transparence-150x150.png 150w\" sizes=\"auto, (max-width: 512px) 100vw, 512px\" \/><\/figure><div class=\"elementor-image-box-content\"><h3 class=\"elementor-image-box-title\">TRANSPARENCE<\/h3><p class=\"elementor-image-box-description\">Nous mettons focus sur la clart\u00e9, l'honn\u00eatet\u00e9 et la communication ouverte tout au long du projet, de la conception de votre garde-corps \u00e0 son installation et facturation<\/p><\/div><\/div>\t\t<\/div>\n\t\t\t\t<\/div>\n\t\t\t\t\t<\/div>\n\t\t<\/div>\n\t\t\t\t\t\t\t<\/div>\n\t\t<\/section>\n\t\t\t\t\t\t\t<\/div>\n\t\t","protected":false},"excerpt":{"rendered":"<p>Qui sommes nous? Entreprise familiale sp\u00e9cialis\u00e9e dans la ferronnerie du b\u00e2timent depuis plus de 20 ans, nous serons \u00e0 vos cot\u00e9s tout au long de votre projet Votre Expert en Ferronnerie depuis 20 Ans Constru-m\u00e9tal est une entreprise familiale belge sp\u00e9cialis\u00e9e dans la ferronnerie du b\u00e2timent, plus particuli\u00e8rement dans la fabrication de garde-corps en inox, [&hellip;]<\/p>\n","protected":false},"author":1,"featured_media":0,"parent":0,"menu_order":0,"comment_status":"closed","ping_status":"closed","template":"","meta":{"footnotes":""},"class_list":["post-14","page","type-page","status-publish","hentry","entry"],"yoast_head":"<!-- This site is optimized with the Yoast SEO plugin v22.5 - https:\/\/yoast.com\/wordpress\/plugins\/seo\/ -->\n<title>A propos - Constru-m\u00e9tal<\/title>\n<meta name=\"robots\" content=\"index, follow, max-snippet:-1, max-image-preview:large, max-video-preview:-1\" \/>\n<link rel=\"canonical\" href=\"https:\/\/constru-metal.be\/index.php\/a-propos\/\" \/>\n<meta property=\"og:locale\" content=\"fr_FR\" \/>\n<meta property=\"og:type\" content=\"article\" \/>\n<meta property=\"og:title\" content=\"A propos - Constru-m\u00e9tal\" \/>\n<meta property=\"og:description\" content=\"Qui sommes nous? Entreprise familiale sp\u00e9cialis\u00e9e dans la ferronnerie du b\u00e2timent depuis plus de 20 ans, nous serons \u00e0 vos cot\u00e9s tout au long de votre projet Votre Expert en Ferronnerie depuis 20 Ans Constru-m\u00e9tal est une entreprise familiale belge sp\u00e9cialis\u00e9e dans la ferronnerie du b\u00e2timent, plus particuli\u00e8rement dans la fabrication de garde-corps en inox, [&hellip;]\" \/>\n<meta property=\"og:url\" content=\"https:\/\/constru-metal.be\/index.php\/a-propos\/\" \/>\n<meta property=\"og:site_name\" content=\"Constru-m\u00e9tal\" \/>\n<meta property=\"article:modified_time\" content=\"2023-07-20T14:54:01+00:00\" \/>\n<meta property=\"og:image\" content=\"http:\/\/constru-metal.be\/wp-content\/uploads\/2023\/07\/IMG_3929-1024x768.jpg\" \/>\n<meta name=\"twitter:card\" content=\"summary_large_image\" \/>\n<meta name=\"twitter:label1\" content=\"Dur\u00e9e de lecture estim\u00e9e\" \/>\n\t<meta name=\"twitter:data1\" content=\"3 minutes\" \/>\n<script type=\"application\/ld+json\" class=\"yoast-schema-graph\">{\"@context\":\"https:\/\/schema.org\",\"@graph\":[{\"@type\":\"WebPage\",\"@id\":\"https:\/\/constru-metal.be\/index.php\/a-propos\/\",\"url\":\"https:\/\/constru-metal.be\/index.php\/a-propos\/\",\"name\":\"A propos - Constru-m\u00e9tal\",\"isPartOf\":{\"@id\":\"https:\/\/constru-metal.be\/#website\"},\"primaryImageOfPage\":{\"@id\":\"https:\/\/constru-metal.be\/index.php\/a-propos\/#primaryimage\"},\"image\":{\"@id\":\"https:\/\/constru-metal.be\/index.php\/a-propos\/#primaryimage\"},\"thumbnailUrl\":\"http:\/\/constru-metal.be\/wp-content\/uploads\/2023\/07\/IMG_3929-1024x768.jpg\",\"datePublished\":\"2023-06-15T10:18:44+00:00\",\"dateModified\":\"2023-07-20T14:54:01+00:00\",\"breadcrumb\":{\"@id\":\"https:\/\/constru-metal.be\/index.php\/a-propos\/#breadcrumb\"},\"inLanguage\":\"fr-FR\",\"potentialAction\":[{\"@type\":\"ReadAction\",\"target\":[\"https:\/\/constru-metal.be\/index.php\/a-propos\/\"]}]},{\"@type\":\"ImageObject\",\"inLanguage\":\"fr-FR\",\"@id\":\"https:\/\/constru-metal.be\/index.php\/a-propos\/#primaryimage\",\"url\":\"https:\/\/constru-metal.be\/wp-content\/uploads\/2023\/07\/IMG_3929-scaled.jpg\",\"contentUrl\":\"https:\/\/constru-metal.be\/wp-content\/uploads\/2023\/07\/IMG_3929-scaled.jpg\",\"width\":2560,\"height\":1920,\"caption\":\"garde-corps terrasse ext\u00e9rieure inox Belgique\"},{\"@type\":\"BreadcrumbList\",\"@id\":\"https:\/\/constru-metal.be\/index.php\/a-propos\/#breadcrumb\",\"itemListElement\":[{\"@type\":\"ListItem\",\"position\":1,\"name\":\"Accueil\",\"item\":\"https:\/\/constru-metal.be\/\"},{\"@type\":\"ListItem\",\"position\":2,\"name\":\"A propos\"}]},{\"@type\":\"WebSite\",\"@id\":\"https:\/\/constru-metal.be\/#website\",\"url\":\"https:\/\/constru-metal.be\/\",\"name\":\"Constru-m\u00e9tal\",\"description\":\"Fabrication et installation de garde-corps en inox\",\"publisher\":{\"@id\":\"https:\/\/constru-metal.be\/#organization\"},\"potentialAction\":[{\"@type\":\"SearchAction\",\"target\":{\"@type\":\"EntryPoint\",\"urlTemplate\":\"https:\/\/constru-metal.be\/?s={search_term_string}\"},\"query-input\":\"required name=search_term_string\"}],\"inLanguage\":\"fr-FR\"},{\"@type\":\"Organization\",\"@id\":\"https:\/\/constru-metal.be\/#organization\",\"name\":\"Constru-m\u00e9tal\",\"url\":\"https:\/\/constru-metal.be\/\",\"logo\":{\"@type\":\"ImageObject\",\"inLanguage\":\"fr-FR\",\"@id\":\"https:\/\/constru-metal.be\/#\/schema\/logo\/image\/\",\"url\":\"https:\/\/constru-metal.be\/wp-content\/uploads\/2023\/06\/cropped-logo_transparent-1.png\",\"contentUrl\":\"https:\/\/constru-metal.be\/wp-content\/uploads\/2023\/06\/cropped-logo_transparent-1.png\",\"width\":1198,\"height\":1198,\"caption\":\"Constru-m\u00e9tal\"},\"image\":{\"@id\":\"https:\/\/constru-metal.be\/#\/schema\/logo\/image\/\"}}]}<\/script>\n<!-- \/ Yoast SEO plugin. -->","yoast_head_json":{"title":"A propos - Constru-m\u00e9tal","robots":{"index":"index","follow":"follow","max-snippet":"max-snippet:-1","max-image-preview":"max-image-preview:large","max-video-preview":"max-video-preview:-1"},"canonical":"https:\/\/constru-metal.be\/index.php\/a-propos\/","og_locale":"fr_FR","og_type":"article","og_title":"A propos - Constru-m\u00e9tal","og_description":"Qui sommes nous? Entreprise familiale sp\u00e9cialis\u00e9e dans la ferronnerie du b\u00e2timent depuis plus de 20 ans, nous serons \u00e0 vos cot\u00e9s tout au long de votre projet Votre Expert en Ferronnerie depuis 20 Ans Constru-m\u00e9tal est une entreprise familiale belge sp\u00e9cialis\u00e9e dans la ferronnerie du b\u00e2timent, plus particuli\u00e8rement dans la fabrication de garde-corps en inox, [&hellip;]","og_url":"https:\/\/constru-metal.be\/index.php\/a-propos\/","og_site_name":"Constru-m\u00e9tal","article_modified_time":"2023-07-20T14:54:01+00:00","og_image":[{"url":"http:\/\/constru-metal.be\/wp-content\/uploads\/2023\/07\/IMG_3929-1024x768.jpg"}],"twitter_card":"summary_large_image","twitter_misc":{"Dur\u00e9e de lecture estim\u00e9e":"3 minutes"},"schema":{"@context":"https:\/\/schema.org","@graph":[{"@type":"WebPage","@id":"https:\/\/constru-metal.be\/index.php\/a-propos\/","url":"https:\/\/constru-metal.be\/index.php\/a-propos\/","name":"A propos - Constru-m\u00e9tal","isPartOf":{"@id":"https:\/\/constru-metal.be\/#website"},"primaryImageOfPage":{"@id":"https:\/\/constru-metal.be\/index.php\/a-propos\/#primaryimage"},"image":{"@id":"https:\/\/constru-metal.be\/index.php\/a-propos\/#primaryimage"},"thumbnailUrl":"http:\/\/constru-metal.be\/wp-content\/uploads\/2023\/07\/IMG_3929-1024x768.jpg","datePublished":"2023-06-15T10:18:44+00:00","dateModified":"2023-07-20T14:54:01+00:00","breadcrumb":{"@id":"https:\/\/constru-metal.be\/index.php\/a-propos\/#breadcrumb"},"inLanguage":"fr-FR","potentialAction":[{"@type":"ReadAction","target":["https:\/\/constru-metal.be\/index.php\/a-propos\/"]}]},{"@type":"ImageObject","inLanguage":"fr-FR","@id":"https:\/\/constru-metal.be\/index.php\/a-propos\/#primaryimage","url":"https:\/\/constru-metal.be\/wp-content\/uploads\/2023\/07\/IMG_3929-scaled.jpg","contentUrl":"https:\/\/constru-metal.be\/wp-content\/uploads\/2023\/07\/IMG_3929-scaled.jpg","width":2560,"height":1920,"caption":"garde-corps terrasse ext\u00e9rieure inox Belgique"},{"@type":"BreadcrumbList","@id":"https:\/\/constru-metal.be\/index.php\/a-propos\/#breadcrumb","itemListElement":[{"@type":"ListItem","position":1,"name":"Accueil","item":"https:\/\/constru-metal.be\/"},{"@type":"ListItem","position":2,"name":"A propos"}]},{"@type":"WebSite","@id":"https:\/\/constru-metal.be\/#website","url":"https:\/\/constru-metal.be\/","name":"Constru-m\u00e9tal","description":"Fabrication et installation de garde-corps en inox","publisher":{"@id":"https:\/\/constru-metal.be\/#organization"},"potentialAction":[{"@type":"SearchAction","target":{"@type":"EntryPoint","urlTemplate":"https:\/\/constru-metal.be\/?s={search_term_string}"},"query-input":"required name=search_term_string"}],"inLanguage":"fr-FR"},{"@type":"Organization","@id":"https:\/\/constru-metal.be\/#organization","name":"Constru-m\u00e9tal","url":"https:\/\/constru-metal.be\/","logo":{"@type":"ImageObject","inLanguage":"fr-FR","@id":"https:\/\/constru-metal.be\/#\/schema\/logo\/image\/","url":"https:\/\/constru-metal.be\/wp-content\/uploads\/2023\/06\/cropped-logo_transparent-1.png","contentUrl":"https:\/\/constru-metal.be\/wp-content\/uploads\/2023\/06\/cropped-logo_transparent-1.png","width":1198,"height":1198,"caption":"Constru-m\u00e9tal"},"image":{"@id":"https:\/\/constru-metal.be\/#\/schema\/logo\/image\/"}}]}},"_links":{"self":[{"href":"https:\/\/constru-metal.be\/index.php\/wp-json\/wp\/v2\/pages\/14","targetHints":{"allow":["GET"]}}],"collection":[{"href":"https:\/\/constru-metal.be\/index.php\/wp-json\/wp\/v2\/pages"}],"about":[{"href":"https:\/\/constru-metal.be\/index.php\/wp-json\/wp\/v2\/types\/page"}],"author":[{"embeddable":true,"href":"https:\/\/constru-metal.be\/index.php\/wp-json\/wp\/v2\/users\/1"}],"replies":[{"embeddable":true,"href":"https:\/\/constru-metal.be\/index.php\/wp-json\/wp\/v2\/comments?post=14"}],"version-history":[{"count":25,"href":"https:\/\/constru-metal.be\/index.php\/wp-json\/wp\/v2\/pages\/14\/revisions"}],"predecessor-version":[{"id":439,"href":"https:\/\/constru-metal.be\/index.php\/wp-json\/wp\/v2\/pages\/14\/revisions\/439"}],"wp:attachment":[{"href":"https:\/\/constru-metal.be\/index.php\/wp-json\/wp\/v2\/media?parent=14"}],"curies":[{"name":"wp","href":"https:\/\/api.w.org\/{rel}","templated":true}]}}